{"id":41,"date":"2012-07-04T15:00:15","date_gmt":"2012-07-04T20:00:15","guid":{"rendered":"http:\/\/www.baghdadilaw.com\/?page_id=41"},"modified":"2024-05-22T16:06:25","modified_gmt":"2024-05-22T21:06:25","slug":"contact","status":"publish","type":"page","link":"https:\/\/baghdadilaw.com\/fr\/contact\/","title":{"rendered":"Contact"},"content":{"rendered":"<div class=\"wpb-content-wrapper\"><p>[vc_row][vc_column][vc_empty_space height=&#8221;15px&#8221;][vc_column_text]<\/p>\n<h3 style=\"text-align: center;\"><span style=\"color: #808000;\">Contact<\/span><\/h3>\n<p>[\/vc_column_text][\/vc_column][\/vc_row][vc_row][vc_column width=&#8221;1\/3&#8243;][vc_single_image image=&#8221;31913&#8243; img_size=&#8221;medium&#8221;][\/vc_column][vc_column width=&#8221;1\/3&#8243;][vc_column_text]<span style=\"color: #808000;\">Adresse:<\/span><\/p>\n<p style=\"text-align: left;\">507, Place d&#8217;Armes, bureau 1703<br \/>\nMontr\u00e9al, QC H2Y 2W8<br \/>\n<span style=\"color: #808000;\">Tel:<\/span>\u00a0514-967-3239<br \/>\n<span style=\"color: #808000;\">Fax:<\/span>514-844-9053<br \/>\n<a href=\"mailto:zayid@baghdadilaw.com\" target=\"_blank\" rel=\"noopener noreferrer\">zayid@baghdadilaw.com<\/a><\/p>\n<p>[\/vc_column_text][\/vc_column][vc_column width=&#8221;1\/3&#8243;][vc_raw_html]JTNDaWZyYW1lJTIwc3JjJTNEJTIyaHR0cHMlM0ElMkYlMkZ3d3cuZ29vZ2xlLmNvbSUyRm1hcHMlMkZlbWJlZCUzRnBiJTNEJTIxMW0xOCUyMTFtMTIlMjExbTMlMjExZDI3OTUuNDM3MTgzODY4ODY4NSUyMTJkLTczLjYxNTg5Mzk4NDk0MDQlMjEzZDQ1LjUyMTQwNzIzNzY0NjIlMjEybTMlMjExZjAlMjEyZjAlMjEzZjAlMjEzbTIlMjExaTEwMjQlMjEyaTc2OCUyMTRmMTMuMSUyMTNtMyUyMTFtMiUyMTFzMHg0Y2M5MWE1NzIwNTJmYjExJTI1M0EweGM2YzAwMTc5NGQ3NjVhYzUlMjEyc1pheWlkJTJCQWwtQmFnaGRhZGklMjUyQyUyQkF2b2NhdCUyQi0lMkJMYXd5ZXIlMjE1ZTAlMjEzbTIlMjExc2VuJTIxMnNjYSUyMTR2MTUxODcyODA4MTk2NiUyMiUyMHdpZHRoJTNEJTIyNDAwJTIyJTIwaGVpZ2h0JTNEJTIyMzAwJTIyJTIwZnJhbWVib3JkZXIlM0QlMjIwJTIyJTIwc3R5bGUlM0QlMjJib3JkZXIlM0EwJTIyJTIwYWxsb3dmdWxsc2NyZWVuJTNFJTNDJTJGaWZyYW1lJTNF[\/vc_raw_html][\/vc_column][\/vc_row]<\/p>\n<\/div>","protected":false},"excerpt":{"rendered":"<p>[vc_row][vc_column][vc_empty_space height=&#8221;15px&#8221;][vc_column_text] Contact [\/vc_column_text][\/vc_column][\/vc_row][vc_row][vc_column width=&#8221;1\/3&#8243;][vc_single_image image=&#8221;31913&#8243; img_size=&#8221;medium&#8221;][\/vc_column][vc_column width=&#8221;1\/3&#8243;][vc_column_text]Adresse: 507, Place d&#8217;Armes, bureau 1703 Montr\u00e9al, QC H2Y 2W8 Tel:\u00a0514-967-3239 Fax:514-844-9053 zayid@baghdadilaw.com [\/vc_column_text][\/vc_column][vc_column width=&#8221;1\/3&#8243;][vc_raw_html]JTNDaWZyYW1lJTIwc3JjJTNEJTIyaHR0cHMlM0ElMkYlMkZ3d3cuZ29vZ2xlLmNvbSUyRm1hcHMlMkZlbWJlZCUzRnBiJTNEJTIxMW0xOCUyMTFtMTIlMjExbTMlMjExZDI3OTUuNDM3MTgzODY4ODY4NSUyMTJkLTczLjYxNTg5Mzk4NDk0MDQlMjEzZDQ1LjUyMTQwNzIzNzY0NjIlMjEybTMlMjExZjAlMjEyZjAlMjEzZjAlMjEzbTIlMjExaTEwMjQlMjEyaTc2OCUyMTRmMTMuMSUyMTNtMyUyMTFtMiUyMTFzMHg0Y2M5MWE1NzIwNTJmYjExJTI1M0EweGM2YzAwMTc5NGQ3NjVhYzUlMjEyc1pheWlkJTJCQWwtQmFnaGRhZGklMjUyQyUyQkF2b2NhdCUyQi0lMkJMYXd5ZXIlMjE1ZTAlMjEzbTIlMjExc2VuJTIxMnNjYSUyMTR2MTUxODcyODA4MTk2NiUyMiUyMHdpZHRoJTNEJTIyNDAwJTIyJTIwaGVpZ2h0JTNEJTIyMzAwJTIyJTIwZnJhbWVib3JkZXIlM0QlMjIwJTIyJTIwc3R5bGUlM0QlMjJib3JkZXIlM0EwJTIyJTIwYWxsb3dmdWxsc2NyZWVuJTNFJTNDJTJGaWZyYW1lJTNF[\/vc_raw_html][\/vc_column][\/vc_row]<\/p>\n","protected":false},"author":2,"featured_media":0,"parent":0,"menu_order":4,"comment_status":"closed","ping_status":"closed","template":"","meta":{"footnotes":""},"class_list":["post-41","page","type-page","status-publish","hentry"],"yoast_head":"<!-- This site is optimized with the Yoast SEO plugin v27.4 - https:\/\/yoast.com\/product\/yoast-seo-wordpress\/ -->\n<title>Entrez en contact avec l&#039;avocat \u00e0 Montr\u00e9al Zayid Al-Baghdadi<\/title>\n<meta name=\"description\" content=\"Entrez en contact avec l\u2019avocat criminaliste, Me Zayid Al-Baghdadi, pour prendre un rendez-vous \u00e0 son bureau situ\u00e9 \u00e0 proximit\u00e9 du metro Place d&#039;Armes\" \/>\n<meta name=\"robots\" content=\"index, follow, max-snippet:-1, max-image-preview:large, max-video-preview:-1\" \/>\n<link rel=\"canonical\" href=\"https:\/\/baghdadilaw.com\/fr\/contact\/\" \/>\n<meta property=\"og:locale\" content=\"fr_FR\" \/>\n<meta property=\"og:type\" content=\"article\" \/>\n<meta property=\"og:title\" content=\"Entrez en contact avec l&#039;avocat \u00e0 Montr\u00e9al Zayid Al-Baghdadi\" \/>\n<meta property=\"og:description\" content=\"Entrez en contact avec l\u2019avocat criminaliste, Me Zayid Al-Baghdadi, pour prendre un rendez-vous \u00e0 son bureau situ\u00e9 \u00e0 proximit\u00e9 du metro Place d&#039;Armes\" \/>\n<meta property=\"og:url\" content=\"https:\/\/baghdadilaw.com\/fr\/contact\/\" \/>\n<meta property=\"og:site_name\" content=\"Zayid Al-Baghdadi, Avocat en Droit Criminel \u00e0 Montr\u00e9al\" \/>\n<meta property=\"article:publisher\" content=\"https:\/\/www.facebook.com\/baghdadilaw\" \/>\n<meta property=\"article:modified_time\" content=\"2024-05-22T21:06:25+00:00\" \/>\n<meta name=\"twitter:card\" content=\"summary_large_image\" \/>\n<meta name=\"twitter:site\" content=\"@baghdadilaw\" \/>\n<meta name=\"twitter:label1\" content=\"Est. reading time\" \/>\n\t<meta name=\"twitter:data1\" content=\"1 minute\" \/>\n<script type=\"application\/ld+json\" class=\"yoast-schema-graph\">{\"@context\":\"https:\\\/\\\/schema.org\",\"@graph\":[{\"@type\":\"WebPage\",\"@id\":\"https:\\\/\\\/baghdadilaw.com\\\/fr\\\/contact\\\/\",\"url\":\"https:\\\/\\\/baghdadilaw.com\\\/fr\\\/contact\\\/\",\"name\":\"Entrez en contact avec l'avocat \u00e0 Montr\u00e9al Zayid Al-Baghdadi\",\"isPartOf\":{\"@id\":\"https:\\\/\\\/baghdadilaw.com\\\/fr\\\/#website\"},\"datePublished\":\"2012-07-04T20:00:15+00:00\",\"dateModified\":\"2024-05-22T21:06:25+00:00\",\"description\":\"Entrez en contact avec l\u2019avocat criminaliste, Me Zayid Al-Baghdadi, pour prendre un rendez-vous \u00e0 son bureau situ\u00e9 \u00e0 proximit\u00e9 du metro Place d'Armes\",\"breadcrumb\":{\"@id\":\"https:\\\/\\\/baghdadilaw.com\\\/fr\\\/contact\\\/#breadcrumb\"},\"inLanguage\":\"fr-FR\",\"potentialAction\":[{\"@type\":\"ReadAction\",\"target\":[\"https:\\\/\\\/baghdadilaw.com\\\/fr\\\/contact\\\/\"]}]},{\"@type\":\"BreadcrumbList\",\"@id\":\"https:\\\/\\\/baghdadilaw.com\\\/fr\\\/contact\\\/#breadcrumb\",\"itemListElement\":[{\"@type\":\"ListItem\",\"position\":1,\"name\":\"Home\",\"item\":\"https:\\\/\\\/baghdadilaw.com\\\/fr\\\/\"},{\"@type\":\"ListItem\",\"position\":2,\"name\":\"Contact\"}]},{\"@type\":\"WebSite\",\"@id\":\"https:\\\/\\\/baghdadilaw.com\\\/fr\\\/#website\",\"url\":\"https:\\\/\\\/baghdadilaw.com\\\/fr\\\/\",\"name\":\"Zayid Al-Baghdadi, Avocat en Droit Criminel \u00e0 Montr\u00e9al\",\"description\":\"\",\"potentialAction\":[{\"@type\":\"SearchAction\",\"target\":{\"@type\":\"EntryPoint\",\"urlTemplate\":\"https:\\\/\\\/baghdadilaw.com\\\/fr\\\/?s={search_term_string}\"},\"query-input\":{\"@type\":\"PropertyValueSpecification\",\"valueRequired\":true,\"valueName\":\"search_term_string\"}}],\"inLanguage\":\"fr-FR\"}]}<\/script>\n<!-- \/ Yoast SEO plugin. -->","yoast_head_json":{"title":"Entrez en contact avec l'avocat \u00e0 Montr\u00e9al Zayid Al-Baghdadi","description":"Entrez en contact avec l\u2019avocat criminaliste, Me Zayid Al-Baghdadi, pour prendre un rendez-vous \u00e0 son bureau situ\u00e9 \u00e0 proximit\u00e9 du metro Place d'Armes","robots":{"index":"index","follow":"follow","max-snippet":"max-snippet:-1","max-image-preview":"max-image-preview:large","max-video-preview":"max-video-preview:-1"},"canonical":"https:\/\/baghdadilaw.com\/fr\/contact\/","og_locale":"fr_FR","og_type":"article","og_title":"Entrez en contact avec l'avocat \u00e0 Montr\u00e9al Zayid Al-Baghdadi","og_description":"Entrez en contact avec l\u2019avocat criminaliste, Me Zayid Al-Baghdadi, pour prendre un rendez-vous \u00e0 son bureau situ\u00e9 \u00e0 proximit\u00e9 du metro Place d'Armes","og_url":"https:\/\/baghdadilaw.com\/fr\/contact\/","og_site_name":"Zayid Al-Baghdadi, Avocat en Droit Criminel \u00e0 Montr\u00e9al","article_publisher":"https:\/\/www.facebook.com\/baghdadilaw","article_modified_time":"2024-05-22T21:06:25+00:00","twitter_card":"summary_large_image","twitter_site":"@baghdadilaw","twitter_misc":{"Est. reading time":"1 minute"},"schema":{"@context":"https:\/\/schema.org","@graph":[{"@type":"WebPage","@id":"https:\/\/baghdadilaw.com\/fr\/contact\/","url":"https:\/\/baghdadilaw.com\/fr\/contact\/","name":"Entrez en contact avec l'avocat \u00e0 Montr\u00e9al Zayid Al-Baghdadi","isPartOf":{"@id":"https:\/\/baghdadilaw.com\/fr\/#website"},"datePublished":"2012-07-04T20:00:15+00:00","dateModified":"2024-05-22T21:06:25+00:00","description":"Entrez en contact avec l\u2019avocat criminaliste, Me Zayid Al-Baghdadi, pour prendre un rendez-vous \u00e0 son bureau situ\u00e9 \u00e0 proximit\u00e9 du metro Place d'Armes","breadcrumb":{"@id":"https:\/\/baghdadilaw.com\/fr\/contact\/#breadcrumb"},"inLanguage":"fr-FR","potentialAction":[{"@type":"ReadAction","target":["https:\/\/baghdadilaw.com\/fr\/contact\/"]}]},{"@type":"BreadcrumbList","@id":"https:\/\/baghdadilaw.com\/fr\/contact\/#breadcrumb","itemListElement":[{"@type":"ListItem","position":1,"name":"Home","item":"https:\/\/baghdadilaw.com\/fr\/"},{"@type":"ListItem","position":2,"name":"Contact"}]},{"@type":"WebSite","@id":"https:\/\/baghdadilaw.com\/fr\/#website","url":"https:\/\/baghdadilaw.com\/fr\/","name":"Zayid Al-Baghdadi, Avocat en Droit Criminel \u00e0 Montr\u00e9al","description":"","potentialAction":[{"@type":"SearchAction","target":{"@type":"EntryPoint","urlTemplate":"https:\/\/baghdadilaw.com\/fr\/?s={search_term_string}"},"query-input":{"@type":"PropertyValueSpecification","valueRequired":true,"valueName":"search_term_string"}}],"inLanguage":"fr-FR"}]}},"_links":{"self":[{"href":"https:\/\/baghdadilaw.com\/fr\/wp-json\/wp\/v2\/pages\/41","targetHints":{"allow":["GET"]}}],"collection":[{"href":"https:\/\/baghdadilaw.com\/fr\/wp-json\/wp\/v2\/pages"}],"about":[{"href":"https:\/\/baghdadilaw.com\/fr\/wp-json\/wp\/v2\/types\/page"}],"author":[{"embeddable":true,"href":"https:\/\/baghdadilaw.com\/fr\/wp-json\/wp\/v2\/users\/2"}],"replies":[{"embeddable":true,"href":"https:\/\/baghdadilaw.com\/fr\/wp-json\/wp\/v2\/comments?post=41"}],"version-history":[{"count":66,"href":"https:\/\/baghdadilaw.com\/fr\/wp-json\/wp\/v2\/pages\/41\/revisions"}],"predecessor-version":[{"id":31925,"href":"https:\/\/baghdadilaw.com\/fr\/wp-json\/wp\/v2\/pages\/41\/revisions\/31925"}],"wp:attachment":[{"href":"https:\/\/baghdadilaw.com\/fr\/wp-json\/wp\/v2\/media?parent=41"}],"curies":[{"name":"wp","href":"https:\/\/api.w.org\/{rel}","templated":true}]}}