{"id":39,"date":"2012-07-04T15:00:01","date_gmt":"2012-07-04T20:00:01","guid":{"rendered":"http:\/\/www.baghdadilaw.com\/?page_id=39"},"modified":"2022-03-12T13:26:36","modified_gmt":"2022-03-12T18:26:36","slug":"media","status":"publish","type":"page","link":"https:\/\/baghdadilaw.com\/fr\/media\/","title":{"rendered":"M\u00e9dia"},"content":{"rendered":"<div class=\"wpb-content-wrapper\"><p>[vc_row][vc_column][vc_empty_space height=&#8221;15px&#8221;][vc_column_text]<\/p>\n<h3 style=\"text-align: center;\"><span style=\"color: #808000;\">M\u00e9dia<\/span><\/h3>\n<p>[\/vc_column_text][\/vc_column][\/vc_row][vc_row][vc_column width=&#8221;1\/3&#8243;][vc_single_image image=&#8221;31856&#8243; img_size=&#8221;large&#8221;][\/vc_column][vc_column width=&#8221;2\/3&#8243;][vc_column_text]<a href=\"https:\/\/www.lapresse.ca\/actualites\/justice-et-faits-divers\/2022-03-09\/enlevement-d-une-adolescente\/un-des-freres-est-libere-sous-conditions.php\" target=\"_blank\" rel=\"noopener\">Un des fr\u00e8res est lib\u00e9r\u00e9 sous caution<\/a> La Presse, le 9 mars 2022<\/p>\n<p><a href=\"http:\/\/juris-blogging.com\/des-nouvelles-de-la-blogosphere-mars-2018\/\" target=\"_blank\" rel=\"noopener\">Un juge cite le blogue Baghdadilaw dans une d\u00e9cision en mati\u00e8re civile\u00a0<\/a>\u00a0 le 31 juillet 2017<\/p>\n<p><a href=\"https:\/\/youtu.be\/7LPG-uJ2xjo\" target=\"_blank\" rel=\"noopener\">Entrevue sur les D\u00e9lais Judiciaires\u00a0<\/a>\u00a0le 8\u00a0Mars 2017<\/p>\n<p><a href=\"http:\/\/www.davidmckie.com\/meth-charges-on-the-rise-in-quebec\/\" target=\"_blank\" rel=\"noopener\">Meth Charges on the rise in Quebec<\/a>\u00a0Article de presse, le 9\u00a0Octobre 2013<\/p>\n<p><a href=\"http:\/\/aadm.ca\/activities\/4e-symposium-de-laadm-en-droit-criminel-le-proces\/\" target=\"_blank\" rel=\"noopener\">4e SYMPOSIUM de l\u2019AADM en droit criminel: Le proc\u00e8s<\/a>\u00a0Conf\u00e9rencier sur La Mens R\u00e9a de la Fraude, le 7 novembre 2012<\/p>\n<p>[\/vc_column_text][\/vc_column][\/vc_row]<\/p>\n<\/div>","protected":false},"excerpt":{"rendered":"<p>[vc_row][vc_column][vc_empty_space height=&#8221;15px&#8221;][vc_column_text] M\u00e9dia [\/vc_column_text][\/vc_column][\/vc_row][vc_row][vc_column width=&#8221;1\/3&#8243;][vc_single_image image=&#8221;31856&#8243; img_size=&#8221;large&#8221;][\/vc_column][vc_column width=&#8221;2\/3&#8243;][vc_column_text]Un des fr\u00e8res est lib\u00e9r\u00e9 sous caution La Presse, le 9 mars 2022 Un juge cite le blogue Baghdadilaw dans une d\u00e9cision en mati\u00e8re civile\u00a0\u00a0 le 31 juillet 2017 Entrevue sur les D\u00e9lais Judiciaires\u00a0\u00a0le 8\u00a0Mars 2017 Meth Charges on the rise in Quebec\u00a0Article de presse, le 9\u00a0Octobre 2013 [&hellip;]<a href=\"https:\/\/baghdadilaw.com\/fr\/media\/\" class=\"df-link-excerpt\">Continue reading<\/a><\/p>\n","protected":false},"author":2,"featured_media":0,"parent":0,"menu_order":3,"comment_status":"closed","ping_status":"closed","template":"","meta":{"footnotes":""},"class_list":["post-39","page","type-page","status-publish","hentry"],"yoast_head":"<!-- This site is optimized with the Yoast SEO plugin v27.4 - https:\/\/yoast.com\/product\/yoast-seo-wordpress\/ -->\n<title>M\u00e9dia de l&#039;avocat en droit criminel \u00e0 Montr\u00e9al Zayid Al-Baghdadi<\/title>\n<meta name=\"description\" content=\"M\u00e9dia de l&#039;avocat en droit criminel, Me Zayid Al-Baghdadi, sur divers questions touchant le droit criminel dans la province du Qu\u00e9bec et au Canada\" \/>\n<meta name=\"robots\" content=\"index, follow, max-snippet:-1, max-image-preview:large, max-video-preview:-1\" \/>\n<link rel=\"canonical\" href=\"https:\/\/baghdadilaw.com\/fr\/media\/\" \/>\n<meta property=\"og:locale\" content=\"fr_FR\" \/>\n<meta property=\"og:type\" content=\"article\" \/>\n<meta property=\"og:title\" content=\"M\u00e9dia de l&#039;avocat en droit criminel \u00e0 Montr\u00e9al Zayid Al-Baghdadi\" \/>\n<meta property=\"og:description\" content=\"M\u00e9dia de l&#039;avocat en droit criminel, Me Zayid Al-Baghdadi, sur divers questions touchant le droit criminel dans la province du Qu\u00e9bec et au Canada\" \/>\n<meta property=\"og:url\" content=\"https:\/\/baghdadilaw.com\/fr\/media\/\" \/>\n<meta property=\"og:site_name\" content=\"Zayid Al-Baghdadi, Avocat en Droit Criminel \u00e0 Montr\u00e9al\" \/>\n<meta property=\"article:publisher\" content=\"https:\/\/www.facebook.com\/baghdadilaw\" \/>\n<meta property=\"article:modified_time\" content=\"2022-03-12T18:26:36+00:00\" \/>\n<meta name=\"twitter:card\" content=\"summary_large_image\" \/>\n<meta name=\"twitter:site\" content=\"@baghdadilaw\" \/>\n<meta name=\"twitter:label1\" content=\"Est. reading time\" \/>\n\t<meta name=\"twitter:data1\" content=\"1 minute\" \/>\n<script type=\"application\/ld+json\" class=\"yoast-schema-graph\">{\"@context\":\"https:\\\/\\\/schema.org\",\"@graph\":[{\"@type\":\"WebPage\",\"@id\":\"https:\\\/\\\/baghdadilaw.com\\\/fr\\\/media\\\/\",\"url\":\"https:\\\/\\\/baghdadilaw.com\\\/fr\\\/media\\\/\",\"name\":\"M\u00e9dia de l'avocat en droit criminel \u00e0 Montr\u00e9al Zayid Al-Baghdadi\",\"isPartOf\":{\"@id\":\"https:\\\/\\\/baghdadilaw.com\\\/fr\\\/#website\"},\"datePublished\":\"2012-07-04T20:00:01+00:00\",\"dateModified\":\"2022-03-12T18:26:36+00:00\",\"description\":\"M\u00e9dia de l'avocat en droit criminel, Me Zayid Al-Baghdadi, sur divers questions touchant le droit criminel dans la province du Qu\u00e9bec et au Canada\",\"breadcrumb\":{\"@id\":\"https:\\\/\\\/baghdadilaw.com\\\/fr\\\/media\\\/#breadcrumb\"},\"inLanguage\":\"fr-FR\",\"potentialAction\":[{\"@type\":\"ReadAction\",\"target\":[\"https:\\\/\\\/baghdadilaw.com\\\/fr\\\/media\\\/\"]}]},{\"@type\":\"BreadcrumbList\",\"@id\":\"https:\\\/\\\/baghdadilaw.com\\\/fr\\\/media\\\/#breadcrumb\",\"itemListElement\":[{\"@type\":\"ListItem\",\"position\":1,\"name\":\"Home\",\"item\":\"https:\\\/\\\/baghdadilaw.com\\\/fr\\\/\"},{\"@type\":\"ListItem\",\"position\":2,\"name\":\"M\u00e9dia\"}]},{\"@type\":\"WebSite\",\"@id\":\"https:\\\/\\\/baghdadilaw.com\\\/fr\\\/#website\",\"url\":\"https:\\\/\\\/baghdadilaw.com\\\/fr\\\/\",\"name\":\"Zayid Al-Baghdadi, Avocat en Droit Criminel \u00e0 Montr\u00e9al\",\"description\":\"\",\"potentialAction\":[{\"@type\":\"SearchAction\",\"target\":{\"@type\":\"EntryPoint\",\"urlTemplate\":\"https:\\\/\\\/baghdadilaw.com\\\/fr\\\/?s={search_term_string}\"},\"query-input\":{\"@type\":\"PropertyValueSpecification\",\"valueRequired\":true,\"valueName\":\"search_term_string\"}}],\"inLanguage\":\"fr-FR\"}]}<\/script>\n<!-- \/ Yoast SEO plugin. -->","yoast_head_json":{"title":"M\u00e9dia de l'avocat en droit criminel \u00e0 Montr\u00e9al Zayid Al-Baghdadi","description":"M\u00e9dia de l'avocat en droit criminel, Me Zayid Al-Baghdadi, sur divers questions touchant le droit criminel dans la province du Qu\u00e9bec et au Canada","robots":{"index":"index","follow":"follow","max-snippet":"max-snippet:-1","max-image-preview":"max-image-preview:large","max-video-preview":"max-video-preview:-1"},"canonical":"https:\/\/baghdadilaw.com\/fr\/media\/","og_locale":"fr_FR","og_type":"article","og_title":"M\u00e9dia de l'avocat en droit criminel \u00e0 Montr\u00e9al Zayid Al-Baghdadi","og_description":"M\u00e9dia de l'avocat en droit criminel, Me Zayid Al-Baghdadi, sur divers questions touchant le droit criminel dans la province du Qu\u00e9bec et au Canada","og_url":"https:\/\/baghdadilaw.com\/fr\/media\/","og_site_name":"Zayid Al-Baghdadi, Avocat en Droit Criminel \u00e0 Montr\u00e9al","article_publisher":"https:\/\/www.facebook.com\/baghdadilaw","article_modified_time":"2022-03-12T18:26:36+00:00","twitter_card":"summary_large_image","twitter_site":"@baghdadilaw","twitter_misc":{"Est. reading time":"1 minute"},"schema":{"@context":"https:\/\/schema.org","@graph":[{"@type":"WebPage","@id":"https:\/\/baghdadilaw.com\/fr\/media\/","url":"https:\/\/baghdadilaw.com\/fr\/media\/","name":"M\u00e9dia de l'avocat en droit criminel \u00e0 Montr\u00e9al Zayid Al-Baghdadi","isPartOf":{"@id":"https:\/\/baghdadilaw.com\/fr\/#website"},"datePublished":"2012-07-04T20:00:01+00:00","dateModified":"2022-03-12T18:26:36+00:00","description":"M\u00e9dia de l'avocat en droit criminel, Me Zayid Al-Baghdadi, sur divers questions touchant le droit criminel dans la province du Qu\u00e9bec et au Canada","breadcrumb":{"@id":"https:\/\/baghdadilaw.com\/fr\/media\/#breadcrumb"},"inLanguage":"fr-FR","potentialAction":[{"@type":"ReadAction","target":["https:\/\/baghdadilaw.com\/fr\/media\/"]}]},{"@type":"BreadcrumbList","@id":"https:\/\/baghdadilaw.com\/fr\/media\/#breadcrumb","itemListElement":[{"@type":"ListItem","position":1,"name":"Home","item":"https:\/\/baghdadilaw.com\/fr\/"},{"@type":"ListItem","position":2,"name":"M\u00e9dia"}]},{"@type":"WebSite","@id":"https:\/\/baghdadilaw.com\/fr\/#website","url":"https:\/\/baghdadilaw.com\/fr\/","name":"Zayid Al-Baghdadi, Avocat en Droit Criminel \u00e0 Montr\u00e9al","description":"","potentialAction":[{"@type":"SearchAction","target":{"@type":"EntryPoint","urlTemplate":"https:\/\/baghdadilaw.com\/fr\/?s={search_term_string}"},"query-input":{"@type":"PropertyValueSpecification","valueRequired":true,"valueName":"search_term_string"}}],"inLanguage":"fr-FR"}]}},"_links":{"self":[{"href":"https:\/\/baghdadilaw.com\/fr\/wp-json\/wp\/v2\/pages\/39","targetHints":{"allow":["GET"]}}],"collection":[{"href":"https:\/\/baghdadilaw.com\/fr\/wp-json\/wp\/v2\/pages"}],"about":[{"href":"https:\/\/baghdadilaw.com\/fr\/wp-json\/wp\/v2\/types\/page"}],"author":[{"embeddable":true,"href":"https:\/\/baghdadilaw.com\/fr\/wp-json\/wp\/v2\/users\/2"}],"replies":[{"embeddable":true,"href":"https:\/\/baghdadilaw.com\/fr\/wp-json\/wp\/v2\/comments?post=39"}],"version-history":[{"count":56,"href":"https:\/\/baghdadilaw.com\/fr\/wp-json\/wp\/v2\/pages\/39\/revisions"}],"predecessor-version":[{"id":31862,"href":"https:\/\/baghdadilaw.com\/fr\/wp-json\/wp\/v2\/pages\/39\/revisions\/31862"}],"wp:attachment":[{"href":"https:\/\/baghdadilaw.com\/fr\/wp-json\/wp\/v2\/media?parent=39"}],"curies":[{"name":"wp","href":"https:\/\/api.w.org\/{rel}","templated":true}]}}