{"id":33,"date":"2012-07-04T14:59:01","date_gmt":"2012-07-04T19:59:01","guid":{"rendered":"http:\/\/www.baghdadilaw.com\/?page_id=33"},"modified":"2024-03-17T17:42:56","modified_gmt":"2024-03-17T22:42:56","slug":"profil","status":"publish","type":"page","link":"https:\/\/baghdadilaw.com\/fr\/profil\/","title":{"rendered":"Profile"},"content":{"rendered":"<div class=\"wpb-content-wrapper\"><p>[vc_row][vc_column][vc_empty_space height=&#8221;15px&#8221;][\/vc_column][vc_column][vc_column_text]<\/p>\n<h3 style=\"text-align: center;\"><span style=\"color: #808000;\">Profile<\/span><\/h3>\n<p>[\/vc_column_text][\/vc_column][vc_column width=&#8221;1\/3&#8243;][vc_single_image image=&#8221;31895&#8243; img_size=&#8221;large&#8221;][\/vc_column][vc_column width=&#8221;2\/3&#8243;][vc_column_text]<\/p>\n<p style=\"text-align: left;\">Zayid Al-Baghdadi a obtenu sa licence en droit de l\u2019universit\u00e9 d\u2019Ottawa en 2004 et a \u00e9t\u00e9 admis au Barreau du Qu\u00e9bec en 2006. Lors de ces \u00e9tudes universitaires il a d\u00e9montr\u00e9 un int\u00e9r\u00eat marqu\u00e9 pour le droit criminel et re\u00e7u la plus haute distinction dans le cours <em>Droit de Peines<\/em>.<\/p>\n<p>Sa carri\u00e8re en droit criminel a d\u00e9but\u00e9 en 2005 au centre communautaire juridique de Montr\u00e9al, o\u00f9 il acquis une grande exp\u00e9rience et\u00a0\u00a0a rapidement fait preuve de son talent de plaideur . Lors de son premier proc\u00e8s, il a invoqu\u00e9 une d\u00e9fense d\u2019intoxication volontaire avec succ\u00e8s, r\u00e9sultant ainsi par l\u2019acquittement de sa cliente et un jugement \u00e9crit ayant fait jurisprudence.<\/p>\n<p>Son entr\u00e9e en pratique priv\u00e9e a commenc\u00e9 en 2007 \u00e0 titre d&#8217;associ\u00e9 au sein d\u2019un cabinet r\u00e9put\u00e9 d\u2019avocats criminalistes \u00e9tabli de longue date. Autonome et ambitieux de caract\u00e8re, il a ensuite fond\u00e9 sa propre \u00e9tude en 2008 afin de mieux servir ces clients avec ces aptitudes exceptionnelles d&#8217;avocat de la d\u00e9fense et son engagement \u00e0 l&#8217;int\u00e9grit\u00e9 de sa profession. En 2020, il\u00a0s&#8217;est joint au <em>cabinet Poupart Touma<\/em> et Associ\u00e9s situ\u00e9 au c\u0153ur du Vieux-Port de Montr\u00e9al.<\/p>\n<p>Zayid Al-Baghdadi a si\u00e9g\u00e9 sur le conseil d\u2019administration de l\u2019Association des avocats de la d\u00e9fense de Montr\u00e9al (AADM) pour deux mandats. Il a \u00e9galement \u00e9crit et donn\u00e9 des conf\u00e9rences sur divers sujets touchant le droit criminel et il a \u00e9t\u00e9 charg\u00e9 de cours \u00e0 la facult\u00e9 de l&#8217;\u00e9ducation permanente \u00e0 l&#8217;Universit\u00e9 de Montr\u00e9al.[\/vc_column_text][vc_column_text]<\/p>\n<h4><span style=\"color: #808000;\">Education<\/span><\/h4>\n<ul>\n<li>Licence en droit (LL.L),<strong>\u00a0<\/strong>Universit\u00e9 d&#8217;Ottawa, Facult\u00e9 de droit civil (2004)<\/li>\n<li>Criminologie, cours pr\u00e9alables de droit,<strong>\u00a0<\/strong>Universit\u00e9 d&#8217;Ottawa, Facult\u00e9 des Sciences Sociales (2001)<\/li>\n<\/ul>\n<p>[\/vc_column_text][vc_column_text]<\/p>\n<h4><span style=\"color: #808000;\">Langues\u00a0<\/span><\/h4>\n<p>Anglais, Fran\u00e7ais et Arabe[\/vc_column_text][vc_column_text]<\/p>\n<h4><span style=\"color: #808000;\">Conf\u00e9rences &amp; Publications<\/span><\/h4>\n<ul>\n<li>Conf\u00e9rencier \u2013 l\u2019Association des avocats de la d\u00e9fense de Montr\u00e9al (AADM) Journ\u00e9e d&#8217;\u00c9tude\u00a0(2008)<br \/>\nRevue des d\u00e9cisions en mati\u00e8re criminelle de la Cour Supr\u00eame du Canada<\/li>\n<\/ul>\n<ul>\n<li>Conf\u00e9rencier \u2013 4e \u00a0Symposium en Droit Criminel, Boucherville\u00a0(2012)<\/li>\n<\/ul>\n<p><em>La Mens Rea Subjective en Mati\u00e8re de Fraude: L\u2019Insouciance et l\u2019Aveuglement Volontaire<\/em>. Publication disponible sur la base de donn\u00e9s Lexis-Nexis.[\/vc_column_text][\/vc_column][\/vc_row][vc_row][vc_column][\/vc_column][\/vc_row]<\/p>\n<\/div>","protected":false},"excerpt":{"rendered":"<p>[vc_row][vc_column][vc_empty_space height=&#8221;15px&#8221;][\/vc_column][vc_column][vc_column_text] Profile [\/vc_column_text][\/vc_column][vc_column width=&#8221;1\/3&#8243;][vc_single_image image=&#8221;31895&#8243; img_size=&#8221;large&#8221;][\/vc_column][vc_column width=&#8221;2\/3&#8243;][vc_column_text] Zayid Al-Baghdadi a obtenu sa licence en droit de l\u2019universit\u00e9 d\u2019Ottawa en 2004 et a \u00e9t\u00e9 admis au Barreau du Qu\u00e9bec en 2006. Lors de ces \u00e9tudes universitaires il a d\u00e9montr\u00e9 un int\u00e9r\u00eat marqu\u00e9 pour le droit criminel et re\u00e7u la plus haute distinction dans le cours [&hellip;]<a href=\"https:\/\/baghdadilaw.com\/fr\/profil\/\" class=\"df-link-excerpt\">Continue reading<\/a><\/p>\n","protected":false},"author":2,"featured_media":0,"parent":0,"menu_order":1,"comment_status":"closed","ping_status":"closed","template":"","meta":{"footnotes":""},"class_list":["post-33","page","type-page","status-publish","hentry"],"yoast_head":"<!-- This site is optimized with the Yoast SEO plugin v27.4 - https:\/\/yoast.com\/product\/yoast-seo-wordpress\/ -->\n<title>Profil de l&#039;avocat en droit criminel \u00e0 Montr\u00e9al Zayid Al-Baghdadi<\/title>\n<meta name=\"description\" content=\"Profil de l&#039;avocat criminaliste, Zayid Al-Baghdadi, dipl\u00f4m\u00e9 en droit de l\u2019universit\u00e9 d\u2019Ottawa et membre du barreau du Qu\u00e9bec depuis 2006.\" \/>\n<meta name=\"robots\" content=\"index, follow, max-snippet:-1, max-image-preview:large, max-video-preview:-1\" \/>\n<link rel=\"canonical\" href=\"https:\/\/baghdadilaw.com\/fr\/profil\/\" \/>\n<meta property=\"og:locale\" content=\"fr_FR\" \/>\n<meta property=\"og:type\" content=\"article\" \/>\n<meta property=\"og:title\" content=\"Profil de l&#039;avocat en droit criminel \u00e0 Montr\u00e9al Zayid Al-Baghdadi\" \/>\n<meta property=\"og:description\" content=\"Profil de l&#039;avocat criminaliste, Zayid Al-Baghdadi, dipl\u00f4m\u00e9 en droit de l\u2019universit\u00e9 d\u2019Ottawa et membre du barreau du Qu\u00e9bec depuis 2006.\" \/>\n<meta property=\"og:url\" content=\"https:\/\/baghdadilaw.com\/fr\/profil\/\" \/>\n<meta property=\"og:site_name\" content=\"Zayid Al-Baghdadi, Avocat en Droit Criminel \u00e0 Montr\u00e9al\" \/>\n<meta property=\"article:publisher\" content=\"https:\/\/www.facebook.com\/baghdadilaw\" \/>\n<meta property=\"article:modified_time\" content=\"2024-03-17T22:42:56+00:00\" \/>\n<meta name=\"twitter:card\" content=\"summary_large_image\" \/>\n<meta name=\"twitter:site\" content=\"@baghdadilaw\" \/>\n<meta name=\"twitter:label1\" content=\"Est. reading time\" \/>\n\t<meta name=\"twitter:data1\" content=\"2 minutes\" \/>\n<script type=\"application\/ld+json\" class=\"yoast-schema-graph\">{\"@context\":\"https:\\\/\\\/schema.org\",\"@graph\":[{\"@type\":\"WebPage\",\"@id\":\"https:\\\/\\\/baghdadilaw.com\\\/fr\\\/profil\\\/\",\"url\":\"https:\\\/\\\/baghdadilaw.com\\\/fr\\\/profil\\\/\",\"name\":\"Profil de l'avocat en droit criminel \u00e0 Montr\u00e9al Zayid Al-Baghdadi\",\"isPartOf\":{\"@id\":\"https:\\\/\\\/baghdadilaw.com\\\/fr\\\/#website\"},\"datePublished\":\"2012-07-04T19:59:01+00:00\",\"dateModified\":\"2024-03-17T22:42:56+00:00\",\"description\":\"Profil de l'avocat criminaliste, Zayid Al-Baghdadi, dipl\u00f4m\u00e9 en droit de l\u2019universit\u00e9 d\u2019Ottawa et membre du barreau du Qu\u00e9bec depuis 2006.\",\"breadcrumb\":{\"@id\":\"https:\\\/\\\/baghdadilaw.com\\\/fr\\\/profil\\\/#breadcrumb\"},\"inLanguage\":\"fr-FR\",\"potentialAction\":[{\"@type\":\"ReadAction\",\"target\":[\"https:\\\/\\\/baghdadilaw.com\\\/fr\\\/profil\\\/\"]}]},{\"@type\":\"BreadcrumbList\",\"@id\":\"https:\\\/\\\/baghdadilaw.com\\\/fr\\\/profil\\\/#breadcrumb\",\"itemListElement\":[{\"@type\":\"ListItem\",\"position\":1,\"name\":\"Home\",\"item\":\"https:\\\/\\\/baghdadilaw.com\\\/fr\\\/\"},{\"@type\":\"ListItem\",\"position\":2,\"name\":\"Profile\"}]},{\"@type\":\"WebSite\",\"@id\":\"https:\\\/\\\/baghdadilaw.com\\\/fr\\\/#website\",\"url\":\"https:\\\/\\\/baghdadilaw.com\\\/fr\\\/\",\"name\":\"Zayid Al-Baghdadi, Avocat en Droit Criminel \u00e0 Montr\u00e9al\",\"description\":\"\",\"potentialAction\":[{\"@type\":\"SearchAction\",\"target\":{\"@type\":\"EntryPoint\",\"urlTemplate\":\"https:\\\/\\\/baghdadilaw.com\\\/fr\\\/?s={search_term_string}\"},\"query-input\":{\"@type\":\"PropertyValueSpecification\",\"valueRequired\":true,\"valueName\":\"search_term_string\"}}],\"inLanguage\":\"fr-FR\"}]}<\/script>\n<!-- \/ Yoast SEO plugin. -->","yoast_head_json":{"title":"Profil de l'avocat en droit criminel \u00e0 Montr\u00e9al Zayid Al-Baghdadi","description":"Profil de l'avocat criminaliste, Zayid Al-Baghdadi, dipl\u00f4m\u00e9 en droit de l\u2019universit\u00e9 d\u2019Ottawa et membre du barreau du Qu\u00e9bec depuis 2006.","robots":{"index":"index","follow":"follow","max-snippet":"max-snippet:-1","max-image-preview":"max-image-preview:large","max-video-preview":"max-video-preview:-1"},"canonical":"https:\/\/baghdadilaw.com\/fr\/profil\/","og_locale":"fr_FR","og_type":"article","og_title":"Profil de l'avocat en droit criminel \u00e0 Montr\u00e9al Zayid Al-Baghdadi","og_description":"Profil de l'avocat criminaliste, Zayid Al-Baghdadi, dipl\u00f4m\u00e9 en droit de l\u2019universit\u00e9 d\u2019Ottawa et membre du barreau du Qu\u00e9bec depuis 2006.","og_url":"https:\/\/baghdadilaw.com\/fr\/profil\/","og_site_name":"Zayid Al-Baghdadi, Avocat en Droit Criminel \u00e0 Montr\u00e9al","article_publisher":"https:\/\/www.facebook.com\/baghdadilaw","article_modified_time":"2024-03-17T22:42:56+00:00","twitter_card":"summary_large_image","twitter_site":"@baghdadilaw","twitter_misc":{"Est. reading time":"2 minutes"},"schema":{"@context":"https:\/\/schema.org","@graph":[{"@type":"WebPage","@id":"https:\/\/baghdadilaw.com\/fr\/profil\/","url":"https:\/\/baghdadilaw.com\/fr\/profil\/","name":"Profil de l'avocat en droit criminel \u00e0 Montr\u00e9al Zayid Al-Baghdadi","isPartOf":{"@id":"https:\/\/baghdadilaw.com\/fr\/#website"},"datePublished":"2012-07-04T19:59:01+00:00","dateModified":"2024-03-17T22:42:56+00:00","description":"Profil de l'avocat criminaliste, Zayid Al-Baghdadi, dipl\u00f4m\u00e9 en droit de l\u2019universit\u00e9 d\u2019Ottawa et membre du barreau du Qu\u00e9bec depuis 2006.","breadcrumb":{"@id":"https:\/\/baghdadilaw.com\/fr\/profil\/#breadcrumb"},"inLanguage":"fr-FR","potentialAction":[{"@type":"ReadAction","target":["https:\/\/baghdadilaw.com\/fr\/profil\/"]}]},{"@type":"BreadcrumbList","@id":"https:\/\/baghdadilaw.com\/fr\/profil\/#breadcrumb","itemListElement":[{"@type":"ListItem","position":1,"name":"Home","item":"https:\/\/baghdadilaw.com\/fr\/"},{"@type":"ListItem","position":2,"name":"Profile"}]},{"@type":"WebSite","@id":"https:\/\/baghdadilaw.com\/fr\/#website","url":"https:\/\/baghdadilaw.com\/fr\/","name":"Zayid Al-Baghdadi, Avocat en Droit Criminel \u00e0 Montr\u00e9al","description":"","potentialAction":[{"@type":"SearchAction","target":{"@type":"EntryPoint","urlTemplate":"https:\/\/baghdadilaw.com\/fr\/?s={search_term_string}"},"query-input":{"@type":"PropertyValueSpecification","valueRequired":true,"valueName":"search_term_string"}}],"inLanguage":"fr-FR"}]}},"_links":{"self":[{"href":"https:\/\/baghdadilaw.com\/fr\/wp-json\/wp\/v2\/pages\/33","targetHints":{"allow":["GET"]}}],"collection":[{"href":"https:\/\/baghdadilaw.com\/fr\/wp-json\/wp\/v2\/pages"}],"about":[{"href":"https:\/\/baghdadilaw.com\/fr\/wp-json\/wp\/v2\/types\/page"}],"author":[{"embeddable":true,"href":"https:\/\/baghdadilaw.com\/fr\/wp-json\/wp\/v2\/users\/2"}],"replies":[{"embeddable":true,"href":"https:\/\/baghdadilaw.com\/fr\/wp-json\/wp\/v2\/comments?post=33"}],"version-history":[{"count":69,"href":"https:\/\/baghdadilaw.com\/fr\/wp-json\/wp\/v2\/pages\/33\/revisions"}],"predecessor-version":[{"id":31906,"href":"https:\/\/baghdadilaw.com\/fr\/wp-json\/wp\/v2\/pages\/33\/revisions\/31906"}],"wp:attachment":[{"href":"https:\/\/baghdadilaw.com\/fr\/wp-json\/wp\/v2\/media?parent=33"}],"curies":[{"name":"wp","href":"https:\/\/api.w.org\/{rel}","templated":true}]}}