{"id":24,"date":"2012-07-04T11:46:33","date_gmt":"2012-07-04T16:46:33","guid":{"rendered":"http:\/\/www.baghdadilaw.com\/?page_id=24"},"modified":"2024-05-22T17:22:56","modified_gmt":"2024-05-22T22:22:56","slug":"a-propos","status":"publish","type":"page","link":"https:\/\/baghdadilaw.com\/fr\/","title":{"rendered":"\u00c0 Propos"},"content":{"rendered":"<div class=\"wpb-content-wrapper\"><p>[vc_row][\/vc_row][vc_column][\/vc_column][rev_slider_vc alias=&#8221;city&#8221;][vc_column_text][\/vc_column_text][vc_row][vc_column][vc_column_text]<\/p>\n<h5><span style=\"color: #808000;\">Zayid Al-Baghdadi, Avocat en Droit Criminel \u00e0 Montr\u00e9al<\/span><\/h5>\n<p>Du premier entretien t\u00e9l\u00e9phonique jusqu&#8217;\u00e0 la disposition finale de votre cause, l&#8217;avocat en droit criminel, Zayid\u00a0Al-Baghdadi, vous impressionnera par la qualit\u00e9 de ses services et son professionnalisme hors pair.<\/p>\n<p>Pratiquant le droit criminel et p\u00e9nal\u00a0\u00e0 Montr\u00e9al depuis 2005, Me Al-Baghdadi est reconnu comme un avocat s\u00e9rieux\u00a0et combatif. Il plaide devant les tribunaux de premi\u00e8re instance \u00a0ainsi que les cours sup\u00e9rieures de la province du Qu\u00e9bec.\u00a0Tout au long de sa carri\u00e8re, il a b\u00e2ti\u00a0une excellente r\u00e9putation devant la magistrature et ses pairs, en fournissant ses clients une repr\u00e9sentation juridique selon les normes les plus \u00e9lev\u00e9es.<\/p>\n<p id=\"tw-target-text\" class=\"tw-data-text tw-ta tw-text-small\" dir=\"ltr\" data-placeholder=\"Translation\"><span lang=\"fr\">Empathique de nature et confiant dans la salle de cour, Zayid Al-Baghdadi vise \u00e0 faciliter le passage \u00e0 travers le syst\u00e8me juridique en minimisant le stress et le dommage possible. Un plaideur chevronn\u00e9, il defend ses clients avec ardeur. Ne\u00a0<\/span><span lang=\"fr\">n\u00e9gligeant aucun d\u00e9tail de son dossier, son approche est proactive et approfondie. Utilisant des m\u00e9thodes ax\u00e9es sur les r\u00e9sultats, il privil\u00e9gie la diplomatie afin d&#8217;assurer le r\u00e9sultat souhait\u00e9 pour ses clients.<\/span><\/p>\n<p class=\"alignleft\">Son champ de pratique s&#8217;\u00e9tend \u00e0 l&#8217;ensemble des infractions pr\u00e9vues au Code Criminel ainsi que les infractions p\u00e9nales et statutaires.<\/p>\n<p>&nbsp;<\/p>\n<p style=\"text-align: center;\"><span style=\"color: #808000;\"><em>\u201cLa pr\u00e9somption d&#8217;innocence constitue le pilier central\u00a0du syst\u00e8me de justice p\u00e9nale. \u00a0<\/em><\/span><\/p>\n<p style=\"text-align: center;\"><span style=\"color: #808000;\"><em>Un avocat comp\u00e9tant et d\u00e9di\u00e9 constitue le pilier central de votre d\u00e9fense.\u201d<\/em><\/span><\/p>\n<p><img loading=\"lazy\" decoding=\"async\" class=\"aligncenter wp-image-31928 size-medium\" src=\"https:\/\/baghdadilaw.com\/wp-content\/uploads\/2024\/05\/Zayid-google2-300x300.jpg\" alt=\"Zayid Al-Baghdadi, Avocat - Lawyer\" width=\"300\" height=\"300\" \/><\/p>\n<p><img loading=\"lazy\" decoding=\"async\" class=\"aligncenter wp-image-31704 size-full\" src=\"http:\/\/baghdadilaw.com\/wp-content\/uploads\/2012\/07\/signatureFr.png\" alt=\"Signature Zayid Al-Baghdadi Avocat\" width=\"193\" height=\"33\" \/>[\/vc_column_text][\/vc_column][\/vc_row][vc_row][vc_column][vc_btn title=&#8221;appelez maintenant&#8221; align=&#8221;center&#8221; link=&#8221;url:tel%3A%20514-967-3239|||&#8221;][\/vc_column][\/vc_row]<\/p>\n<\/div>","protected":false},"excerpt":{"rendered":"<p>[vc_row][\/vc_row][vc_column][\/vc_column][rev_slider_vc alias=&#8221;city&#8221;][vc_column_text][\/vc_column_text][vc_row][vc_column][vc_column_text] Zayid Al-Baghdadi, Avocat en Droit Criminel \u00e0 Montr\u00e9al Du premier entretien t\u00e9l\u00e9phonique jusqu&#8217;\u00e0 la disposition finale de votre cause, l&#8217;avocat en droit criminel, Zayid\u00a0Al-Baghdadi, vous impressionnera par la qualit\u00e9 de ses services et son professionnalisme hors pair. Pratiquant le droit criminel et p\u00e9nal\u00a0\u00e0 Montr\u00e9al depuis 2005, Me Al-Baghdadi est reconnu comme un avocat [&hellip;]<a href=\"https:\/\/baghdadilaw.com\/fr\/\" class=\"df-link-excerpt\">Continue reading<\/a><\/p>\n","protected":false},"author":2,"featured_media":0,"parent":0,"menu_order":0,"comment_status":"closed","ping_status":"closed","template":"","meta":{"footnotes":""},"class_list":["post-24","page","type-page","status-publish","hentry"],"yoast_head":"<!-- This site is optimized with the Yoast SEO plugin v27.4 - https:\/\/yoast.com\/product\/yoast-seo-wordpress\/ -->\n<title>Zayid Al-Baghdadi, Avocat en Droit Criminel \u00e0 Montr\u00e9al<\/title>\n<meta name=\"description\" content=\"Situ\u00e9 \u00e0 Montr\u00e9al, l&#039;avocat en droit criminel, Zayid Al-Baghdadi, d\u00e9fend ses clients dans toutes les affaires criminelles et p\u00e9nales depuis 2006.\" \/>\n<meta name=\"robots\" content=\"index, follow, max-snippet:-1, max-image-preview:large, max-video-preview:-1\" \/>\n<link rel=\"canonical\" href=\"https:\/\/baghdadilaw.com\/fr\/\" \/>\n<meta property=\"og:locale\" content=\"fr_FR\" \/>\n<meta property=\"og:type\" content=\"article\" \/>\n<meta property=\"og:title\" content=\"Zayid Al-Baghdadi, Avocat en Droit Criminel \u00e0 Montr\u00e9al\" \/>\n<meta property=\"og:description\" content=\"Situ\u00e9 \u00e0 Montr\u00e9al, l&#039;avocat en droit criminel, Zayid Al-Baghdadi, d\u00e9fend ses clients dans toutes les affaires criminelles et p\u00e9nales depuis 2006.\" \/>\n<meta property=\"og:url\" content=\"https:\/\/baghdadilaw.com\/fr\/\" \/>\n<meta property=\"og:site_name\" content=\"Zayid Al-Baghdadi, Avocat en Droit Criminel \u00e0 Montr\u00e9al\" \/>\n<meta property=\"article:publisher\" content=\"https:\/\/www.facebook.com\/baghdadilaw\" \/>\n<meta property=\"article:modified_time\" content=\"2024-05-22T22:22:56+00:00\" \/>\n<meta name=\"twitter:card\" content=\"summary_large_image\" \/>\n<meta name=\"twitter:image\" content=\"https:\/\/baghdadilaw.com\/wp-content\/uploads\/2024\/05\/Zayid-google2-300x300.jpg\" \/>\n<meta name=\"twitter:site\" content=\"@baghdadilaw\" \/>\n<meta name=\"twitter:label1\" content=\"Est. reading time\" \/>\n\t<meta name=\"twitter:data1\" content=\"2 minutes\" \/>\n<script type=\"application\/ld+json\" class=\"yoast-schema-graph\">{\"@context\":\"https:\\\/\\\/schema.org\",\"@graph\":[{\"@type\":\"WebPage\",\"@id\":\"https:\\\/\\\/baghdadilaw.com\\\/fr\\\/\",\"url\":\"https:\\\/\\\/baghdadilaw.com\\\/fr\\\/\",\"name\":\"Zayid Al-Baghdadi, Avocat en Droit Criminel \u00e0 Montr\u00e9al\",\"isPartOf\":{\"@id\":\"https:\\\/\\\/baghdadilaw.com\\\/fr\\\/#website\"},\"primaryImageOfPage\":{\"@id\":\"https:\\\/\\\/baghdadilaw.com\\\/fr\\\/#primaryimage\"},\"image\":{\"@id\":\"https:\\\/\\\/baghdadilaw.com\\\/fr\\\/#primaryimage\"},\"thumbnailUrl\":\"https:\\\/\\\/baghdadilaw.com\\\/wp-content\\\/uploads\\\/2024\\\/05\\\/Zayid-google2-300x300.jpg\",\"datePublished\":\"2012-07-04T16:46:33+00:00\",\"dateModified\":\"2024-05-22T22:22:56+00:00\",\"description\":\"Situ\u00e9 \u00e0 Montr\u00e9al, l'avocat en droit criminel, Zayid Al-Baghdadi, d\u00e9fend ses clients dans toutes les affaires criminelles et p\u00e9nales depuis 2006.\",\"breadcrumb\":{\"@id\":\"https:\\\/\\\/baghdadilaw.com\\\/fr\\\/#breadcrumb\"},\"inLanguage\":\"fr-FR\",\"potentialAction\":[{\"@type\":\"ReadAction\",\"target\":[\"https:\\\/\\\/baghdadilaw.com\\\/fr\\\/\"]}]},{\"@type\":\"ImageObject\",\"inLanguage\":\"fr-FR\",\"@id\":\"https:\\\/\\\/baghdadilaw.com\\\/fr\\\/#primaryimage\",\"url\":\"https:\\\/\\\/baghdadilaw.com\\\/wp-content\\\/uploads\\\/2024\\\/05\\\/Zayid-google2-300x300.jpg\",\"contentUrl\":\"https:\\\/\\\/baghdadilaw.com\\\/wp-content\\\/uploads\\\/2024\\\/05\\\/Zayid-google2-300x300.jpg\"},{\"@type\":\"BreadcrumbList\",\"@id\":\"https:\\\/\\\/baghdadilaw.com\\\/fr\\\/#breadcrumb\",\"itemListElement\":[{\"@type\":\"ListItem\",\"position\":1,\"name\":\"Home\",\"item\":\"https:\\\/\\\/baghdadilaw.com\\\/fr\\\/\"},{\"@type\":\"ListItem\",\"position\":2,\"name\":\"\u00c0 Propos\"}]},{\"@type\":\"WebSite\",\"@id\":\"https:\\\/\\\/baghdadilaw.com\\\/fr\\\/#website\",\"url\":\"https:\\\/\\\/baghdadilaw.com\\\/fr\\\/\",\"name\":\"Zayid Al-Baghdadi, Avocat en Droit Criminel \u00e0 Montr\u00e9al\",\"description\":\"\",\"potentialAction\":[{\"@type\":\"SearchAction\",\"target\":{\"@type\":\"EntryPoint\",\"urlTemplate\":\"https:\\\/\\\/baghdadilaw.com\\\/fr\\\/?s={search_term_string}\"},\"query-input\":{\"@type\":\"PropertyValueSpecification\",\"valueRequired\":true,\"valueName\":\"search_term_string\"}}],\"inLanguage\":\"fr-FR\"}]}<\/script>\n<!-- \/ Yoast SEO plugin. -->","yoast_head_json":{"title":"Zayid Al-Baghdadi, Avocat en Droit Criminel \u00e0 Montr\u00e9al","description":"Situ\u00e9 \u00e0 Montr\u00e9al, l'avocat en droit criminel, Zayid Al-Baghdadi, d\u00e9fend ses clients dans toutes les affaires criminelles et p\u00e9nales depuis 2006.","robots":{"index":"index","follow":"follow","max-snippet":"max-snippet:-1","max-image-preview":"max-image-preview:large","max-video-preview":"max-video-preview:-1"},"canonical":"https:\/\/baghdadilaw.com\/fr\/","og_locale":"fr_FR","og_type":"article","og_title":"Zayid Al-Baghdadi, Avocat en Droit Criminel \u00e0 Montr\u00e9al","og_description":"Situ\u00e9 \u00e0 Montr\u00e9al, l'avocat en droit criminel, Zayid Al-Baghdadi, d\u00e9fend ses clients dans toutes les affaires criminelles et p\u00e9nales depuis 2006.","og_url":"https:\/\/baghdadilaw.com\/fr\/","og_site_name":"Zayid Al-Baghdadi, Avocat en Droit Criminel \u00e0 Montr\u00e9al","article_publisher":"https:\/\/www.facebook.com\/baghdadilaw","article_modified_time":"2024-05-22T22:22:56+00:00","twitter_card":"summary_large_image","twitter_image":"https:\/\/baghdadilaw.com\/wp-content\/uploads\/2024\/05\/Zayid-google2-300x300.jpg","twitter_site":"@baghdadilaw","twitter_misc":{"Est. reading time":"2 minutes"},"schema":{"@context":"https:\/\/schema.org","@graph":[{"@type":"WebPage","@id":"https:\/\/baghdadilaw.com\/fr\/","url":"https:\/\/baghdadilaw.com\/fr\/","name":"Zayid Al-Baghdadi, Avocat en Droit Criminel \u00e0 Montr\u00e9al","isPartOf":{"@id":"https:\/\/baghdadilaw.com\/fr\/#website"},"primaryImageOfPage":{"@id":"https:\/\/baghdadilaw.com\/fr\/#primaryimage"},"image":{"@id":"https:\/\/baghdadilaw.com\/fr\/#primaryimage"},"thumbnailUrl":"https:\/\/baghdadilaw.com\/wp-content\/uploads\/2024\/05\/Zayid-google2-300x300.jpg","datePublished":"2012-07-04T16:46:33+00:00","dateModified":"2024-05-22T22:22:56+00:00","description":"Situ\u00e9 \u00e0 Montr\u00e9al, l'avocat en droit criminel, Zayid Al-Baghdadi, d\u00e9fend ses clients dans toutes les affaires criminelles et p\u00e9nales depuis 2006.","breadcrumb":{"@id":"https:\/\/baghdadilaw.com\/fr\/#breadcrumb"},"inLanguage":"fr-FR","potentialAction":[{"@type":"ReadAction","target":["https:\/\/baghdadilaw.com\/fr\/"]}]},{"@type":"ImageObject","inLanguage":"fr-FR","@id":"https:\/\/baghdadilaw.com\/fr\/#primaryimage","url":"https:\/\/baghdadilaw.com\/wp-content\/uploads\/2024\/05\/Zayid-google2-300x300.jpg","contentUrl":"https:\/\/baghdadilaw.com\/wp-content\/uploads\/2024\/05\/Zayid-google2-300x300.jpg"},{"@type":"BreadcrumbList","@id":"https:\/\/baghdadilaw.com\/fr\/#breadcrumb","itemListElement":[{"@type":"ListItem","position":1,"name":"Home","item":"https:\/\/baghdadilaw.com\/fr\/"},{"@type":"ListItem","position":2,"name":"\u00c0 Propos"}]},{"@type":"WebSite","@id":"https:\/\/baghdadilaw.com\/fr\/#website","url":"https:\/\/baghdadilaw.com\/fr\/","name":"Zayid Al-Baghdadi, Avocat en Droit Criminel \u00e0 Montr\u00e9al","description":"","potentialAction":[{"@type":"SearchAction","target":{"@type":"EntryPoint","urlTemplate":"https:\/\/baghdadilaw.com\/fr\/?s={search_term_string}"},"query-input":{"@type":"PropertyValueSpecification","valueRequired":true,"valueName":"search_term_string"}}],"inLanguage":"fr-FR"}]}},"_links":{"self":[{"href":"https:\/\/baghdadilaw.com\/fr\/wp-json\/wp\/v2\/pages\/24","targetHints":{"allow":["GET"]}}],"collection":[{"href":"https:\/\/baghdadilaw.com\/fr\/wp-json\/wp\/v2\/pages"}],"about":[{"href":"https:\/\/baghdadilaw.com\/fr\/wp-json\/wp\/v2\/types\/page"}],"author":[{"embeddable":true,"href":"https:\/\/baghdadilaw.com\/fr\/wp-json\/wp\/v2\/users\/2"}],"replies":[{"embeddable":true,"href":"https:\/\/baghdadilaw.com\/fr\/wp-json\/wp\/v2\/comments?post=24"}],"version-history":[{"count":117,"href":"https:\/\/baghdadilaw.com\/fr\/wp-json\/wp\/v2\/pages\/24\/revisions"}],"predecessor-version":[{"id":31931,"href":"https:\/\/baghdadilaw.com\/fr\/wp-json\/wp\/v2\/pages\/24\/revisions\/31931"}],"wp:attachment":[{"href":"https:\/\/baghdadilaw.com\/fr\/wp-json\/wp\/v2\/media?parent=24"}],"curies":[{"name":"wp","href":"https:\/\/api.w.org\/{rel}","templated":true}]}}